{"id":2002,"date":"2022-09-14T07:13:56","date_gmt":"2022-09-14T07:13:56","guid":{"rendered":"https:\/\/bursanaklo.pl\/?page_id=2002"},"modified":"2023-07-21T11:29:26","modified_gmt":"2023-07-21T11:29:26","slug":"kontakt","status":"publish","type":"page","link":"https:\/\/bursanaklo.pl\/index.php\/kontakt\/","title":{"rendered":"Kontakt"},"content":{"rendered":"<p style=\"text-align: center;\"><strong><span style=\"font-size: 14pt;\">Zak\u0142ad Gospodarczy BURSA Sp. z o.o.<\/span><\/strong><br \/>\n<span style=\"font-size: 14pt;\">42-620 Nak\u0142o \u015al\u0105skie<\/span><br \/>\n<span style=\"font-size: 14pt;\">ul. Powsta\u0144c\u00f3w 18<\/span><\/p>\n<p style=\"text-align: center;\"><span style=\"font-size: 14pt;\">bursa@bursanaklo.pl<br \/>\n<\/span><\/p>\n<p style=\"text-align: center;\"><span style=\"font-size: 14pt;\">KRS: 0000653704&nbsp;&nbsp;&nbsp;&nbsp;&nbsp;&nbsp; NIP: 6452409110<\/span><\/p>\n<p style=\"text-align: center;\"><span style=\"font-size: 14pt;\"><strong>Konto ING Bank \u015al\u0105ski : 49 1050 1386 1000 0023 0809 0758<\/strong><\/span><\/p>\n<p style=\"text-align: center;\"><span style=\"font-size: 14pt;\"><strong>Budynek Bursy<\/strong><br \/>\n42-620 Nak\u0142o \u015al\u0105skie<br \/>\nul. Morcinka 9<\/span><br \/>\n<span style=\"font-size: 14pt;\">tel. 32 284 57 42 &#8211; od 13:00 do 9:00<br \/>\n<\/span><span style=\"font-size: 14pt;\">tel. kom. 793 847 771 &#8211; od 13:00 do 9:00<br \/>\n<em>od niedzieli godz. 17:00 do pi\u0105tku<\/em><br \/>\n<\/span><\/p>\n<p style=\"text-align: center;\"><strong><span style=\"font-size: 14pt;\">Dzia\u0142 finansowy<\/span><\/strong><br \/>\n<span style=\"font-size: 14pt;\">tel. 32 381 57 60<br \/>\n<em>od poniedzia\u0142ku do pi\u0105tku w godzinach od 9:00 do 13:00<\/em><\/span><br \/>\n<span style=\"font-size: 14pt;\">fax. 32 284 35 89<\/span><\/p>\n<p>&nbsp;<\/p>\n<p style=\"text-align: center;\">&nbsp;<\/p>\n<p style=\"text-align: center;\"><iframe loading=\"lazy\" style=\"border: 0;\" src=\"https:\/\/www.google.com\/maps\/embed?pb=!1m14!1m12!1m3!1d4797.257920437189!2d18.902619994402382!3d50.436283386545206!2m3!1f0!2f0!3f0!3m2!1i1024!2i768!4f13.1!5e0!3m2!1spl!2spl!4v1665387591852!5m2!1spl!2spl\" allowfullscreen=\"allowfullscreen\" width=\"800\" height=\"600\"><\/iframe><\/p>\n","protected":false},"excerpt":{"rendered":"<p>Zak\u0142ad Gospodarczy BURSA Sp. z o.o. 42-620 Nak\u0142o \u015al\u0105skie ul. Powsta\u0144c\u00f3w 18 bursa@bursanaklo.pl KRS: 0000653704&nbsp;&nbsp;&nbsp;&nbsp;&nbsp;&nbsp; NIP: 6452409110 Konto ING Bank \u015al\u0105ski : 49 1050 1386 1000 0023 0809 0758 Budynek Bursy 42-620 Nak\u0142o \u015al\u0105skie ul. Morcinka 9 tel. 32 284 57 42 &#8211; od 13:00 do 9:00 tel. kom. 793 [&hellip;]<\/p>\n","protected":false},"author":1,"featured_media":0,"parent":0,"menu_order":0,"comment_status":"closed","ping_status":"closed","template":"","meta":{"ngg_post_thumbnail":0,"footnotes":""},"class_list":["post-2002","page","type-page","status-publish","hentry"],"_links":{"self":[{"href":"https:\/\/bursanaklo.pl\/index.php\/wp-json\/wp\/v2\/pages\/2002","targetHints":{"allow":["GET"]}}],"collection":[{"href":"https:\/\/bursanaklo.pl\/index.php\/wp-json\/wp\/v2\/pages"}],"about":[{"href":"https:\/\/bursanaklo.pl\/index.php\/wp-json\/wp\/v2\/types\/page"}],"author":[{"embeddable":true,"href":"https:\/\/bursanaklo.pl\/index.php\/wp-json\/wp\/v2\/users\/1"}],"replies":[{"embeddable":true,"href":"https:\/\/bursanaklo.pl\/index.php\/wp-json\/wp\/v2\/comments?post=2002"}],"version-history":[{"count":12,"href":"https:\/\/bursanaklo.pl\/index.php\/wp-json\/wp\/v2\/pages\/2002\/revisions"}],"predecessor-version":[{"id":2240,"href":"https:\/\/bursanaklo.pl\/index.php\/wp-json\/wp\/v2\/pages\/2002\/revisions\/2240"}],"wp:attachment":[{"href":"https:\/\/bursanaklo.pl\/index.php\/wp-json\/wp\/v2\/media?parent=2002"}],"curies":[{"name":"wp","href":"https:\/\/api.w.org\/{rel}","templated":true}]}}